{"id":4284,"date":"2018-11-12T11:50:12","date_gmt":"2018-11-12T11:50:12","guid":{"rendered":"https:\/\/demo.themeisle.com\/hestia-default\/hestia-front\/"},"modified":"2023-07-05T12:52:38","modified_gmt":"2023-07-05T12:52:38","slug":"home","status":"publish","type":"page","link":"https:\/\/www.parking-ahcin.com\/sl\/","title":{"rendered":"Home"},"content":{"rendered":"<div data-elementor-type=\"wp-post\" data-elementor-id=\"4284\" class=\"elementor elementor-4284\">\n\t\t\t\t\t\t<div class=\"elementor-inner\">\n\t\t\t\t<div class=\"elementor-section-wrap\">\n\t\t\t\t\t\t\t\t\t<section class=\"elementor-section elementor-top-section elementor-element elementor-element-9696344 elementor-section-full_width elementor-section-height-default elementor-section-height-default\" data-id=\"9696344\" data-element_type=\"section\">\n\t\t\t\t\t\t<div class=\"elementor-container elementor-column-gap-no\">\n\t\t\t\t\t\t\t<div class=\"elementor-row\">\n\t\t\t\t\t<div class=\"elementor-column elementor-col-50 elementor-top-column elementor-element elementor-element-c51261e elementor-invisible\" data-id=\"c51261e\" data-element_type=\"column\" data-settings=\"{&quot;animation&quot;:&quot;slideInLeft&quot;}\">\n\t\t\t<div class=\"elementor-column-wrap elementor-element-populated\">\n\t\t\t\t\t\t\t<div class=\"elementor-widget-wrap\">\n\t\t\t\t\t\t<div class=\"elementor-element elementor-element-53b6687 elementor-widget elementor-widget-image\" data-id=\"53b6687\" data-element_type=\"widget\" data-widget_type=\"image.default\">\n\t\t\t\t<div class=\"elementor-widget-container\">\n\t\t\t\t\t\t\t\t<div class=\"elementor-image\">\n\t\t\t\t\t\t\t\t\t\t\t\t<img loading=\"lazy\" decoding=\"async\" width=\"750\" height=\"563\" src=\"https:\/\/www.parking-ahcin.com\/wp-content\/uploads\/2019\/07\/IMG_20190116_181536-1024x768.jpg\" class=\"attachment-large size-large\" alt=\"Parking Ah\u010din covered parking\" srcset=\"https:\/\/www.parking-ahcin.com\/wp-content\/uploads\/2019\/07\/IMG_20190116_181536-1024x768.jpg 1024w, https:\/\/www.parking-ahcin.com\/wp-content\/uploads\/2019\/07\/IMG_20190116_181536-300x225.jpg 300w, https:\/\/www.parking-ahcin.com\/wp-content\/uploads\/2019\/07\/IMG_20190116_181536-768x576.jpg 768w\" sizes=\"auto, (max-width: 750px) 100vw, 750px\" \/>\t\t\t\t\t\t\t\t\t\t\t\t\t\t<\/div>\n\t\t\t\t\t\t<\/div>\n\t\t\t\t<\/div>\n\t\t\t\t<div class=\"elementor-element elementor-element-86041e1 elementor-invisible elementor-widget elementor-widget-heading\" data-id=\"86041e1\" data-element_type=\"widget\" data-settings=\"{&quot;_animation_mobile&quot;:&quot;fadeInUp&quot;,&quot;_animation&quot;:&quot;fadeInUp&quot;}\" data-widget_type=\"heading.default\">\n\t\t\t\t<div class=\"elementor-widget-container\">\n\t\t\t<p class=\"elementor-heading-title elementor-size-large\">Pokrito parkiri\u0161\u010de<\/p>\t\t<\/div>\n\t\t\t\t<\/div>\n\t\t\t\t\t\t<\/div>\n\t\t\t\t\t<\/div>\n\t\t<\/div>\n\t\t\t\t<div class=\"elementor-column elementor-col-50 elementor-top-column elementor-element elementor-element-64656c8 elementor-invisible\" data-id=\"64656c8\" data-element_type=\"column\" data-settings=\"{&quot;animation&quot;:&quot;bounceInRight&quot;}\">\n\t\t\t<div class=\"elementor-column-wrap elementor-element-populated\">\n\t\t\t\t\t\t\t<div class=\"elementor-widget-wrap\">\n\t\t\t\t\t\t<div class=\"elementor-element elementor-element-4121040 elementor-widget elementor-widget-image\" data-id=\"4121040\" data-element_type=\"widget\" data-widget_type=\"image.default\">\n\t\t\t\t<div class=\"elementor-widget-container\">\n\t\t\t\t\t\t\t\t<div class=\"elementor-image\">\n\t\t\t\t\t\t\t\t\t\t\t\t<img loading=\"lazy\" decoding=\"async\" width=\"4160\" height=\"3120\" src=\"https:\/\/www.parking-ahcin.com\/wp-content\/uploads\/2019\/08\/IMG_20190116_170327.jpg\" class=\"attachment-full size-full\" alt=\"Parking Ah\u010din open\" srcset=\"https:\/\/www.parking-ahcin.com\/wp-content\/uploads\/2019\/08\/IMG_20190116_170327.jpg 4160w, https:\/\/www.parking-ahcin.com\/wp-content\/uploads\/2019\/08\/IMG_20190116_170327-300x225.jpg 300w, https:\/\/www.parking-ahcin.com\/wp-content\/uploads\/2019\/08\/IMG_20190116_170327-768x576.jpg 768w, https:\/\/www.parking-ahcin.com\/wp-content\/uploads\/2019\/08\/IMG_20190116_170327-1024x768.jpg 1024w\" sizes=\"auto, (max-width: 4160px) 100vw, 4160px\" \/>\t\t\t\t\t\t\t\t\t\t\t\t\t\t<\/div>\n\t\t\t\t\t\t<\/div>\n\t\t\t\t<\/div>\n\t\t\t\t<div class=\"elementor-element elementor-element-9c8bca7 elementor-invisible elementor-widget elementor-widget-heading\" data-id=\"9c8bca7\" data-element_type=\"widget\" data-settings=\"{&quot;_animation_mobile&quot;:&quot;fadeInUp&quot;,&quot;_animation&quot;:&quot;fadeInUp&quot;}\" data-widget_type=\"heading.default\">\n\t\t\t\t<div class=\"elementor-widget-container\">\n\t\t\t<p class=\"elementor-heading-title elementor-size-large\">Odprto parkiri\u0161\u010de na zasebnem dvori\u0161\u010du<\/p>\t\t<\/div>\n\t\t\t\t<\/div>\n\t\t\t\t\t\t<\/div>\n\t\t\t\t\t<\/div>\n\t\t<\/div>\n\t\t\t\t\t\t\t\t<\/div>\n\t\t\t\t\t<\/div>\n\t\t<\/section>\n\t\t\t\t\t\t\t\t\t<\/div>\n\t\t\t<\/div>\n\t\t\t\t\t<\/div>","protected":false},"excerpt":{"rendered":"<p>Pokrito parkiri\u0161\u010de Open parking in private yard<\/p>","protected":false},"author":1,"featured_media":0,"parent":0,"menu_order":0,"comment_status":"closed","ping_status":"closed","template":"","meta":{"footnotes":""},"class_list":["post-4284","page","type-page","status-publish","hentry"],"_links":{"self":[{"href":"https:\/\/www.parking-ahcin.com\/sl\/wp-json\/wp\/v2\/pages\/4284","targetHints":{"allow":["GET"]}}],"collection":[{"href":"https:\/\/www.parking-ahcin.com\/sl\/wp-json\/wp\/v2\/pages"}],"about":[{"href":"https:\/\/www.parking-ahcin.com\/sl\/wp-json\/wp\/v2\/types\/page"}],"author":[{"embeddable":true,"href":"https:\/\/www.parking-ahcin.com\/sl\/wp-json\/wp\/v2\/users\/1"}],"replies":[{"embeddable":true,"href":"https:\/\/www.parking-ahcin.com\/sl\/wp-json\/wp\/v2\/comments?post=4284"}],"version-history":[{"count":32,"href":"https:\/\/www.parking-ahcin.com\/sl\/wp-json\/wp\/v2\/pages\/4284\/revisions"}],"predecessor-version":[{"id":4578,"href":"https:\/\/www.parking-ahcin.com\/sl\/wp-json\/wp\/v2\/pages\/4284\/revisions\/4578"}],"wp:attachment":[{"href":"https:\/\/www.parking-ahcin.com\/sl\/wp-json\/wp\/v2\/media?parent=4284"}],"curies":[{"name":"wp","href":"https:\/\/api.w.org\/{rel}","templated":true}]}}